{"id":34,"date":"2022-11-18T12:13:09","date_gmt":"2022-11-18T12:13:09","guid":{"rendered":"https:\/\/ofertasespecialespeugeot.com\/?page_id=34"},"modified":"2022-11-18T12:13:10","modified_gmt":"2022-11-18T12:13:10","slug":"politica-de-cookies","status":"publish","type":"page","link":"https:\/\/ofertasespecialespeugeot.com\/index.php\/politica-de-cookies\/","title":{"rendered":"Pol\u00edtica de cookies"},"content":{"rendered":"\n<p>En cumplimiento con lo dispuesto en el art\u00edculo 22.2 de la Ley 34\/2002, de 11 de julio, de Servicios de la Sociedad de la Informaci\u00f3n y de Comercio Electr\u00f3nico,\u00a0<a href=\"http:\/\/ofertasespecialespeugeot.com\">ofertasespecialespeugeot.com<\/a>\u00a0te informa que este sitio Web utiliza cookies, as\u00ed como sobre su pol\u00edtica de recogida y el tratamiento que hace de las mismas.<\/p>\n\n\n\n<p>Qu\u00e9 son las cookies<\/p>\n\n\n\n<p>Una cookie es un fichero que se descarga en tu ordenador al entrar a determinadas p\u00e1ginas web. Las cookies permiten a una p\u00e1gina web, entre otras cosas, almacenar y recuperar informaci\u00f3n sobre tus h\u00e1bitos de navegaci\u00f3n y \u2014dependiendo de la informaci\u00f3n que contengan y de la forma en que utilices tu equipo\u2014 pueden utilizarse para identificarte.<\/p>\n\n\n\n<p>Tipos de cookies utilizadas<\/p>\n\n\n\n<p>El sitio Web\u00a0<a href=\"http:\/\/ofertasespecialespeugeot.com\">http:\/\/ofertasespecialespeugeot.com<\/a> utiliza los siguientes tipos de cookies:<\/p>\n\n\n\n<ul class=\"wp-block-list\">\n<li><strong>Cookies de an\u00e1lisis:<\/strong>&nbsp;Son aquellas que, bien tratadas por el sitio Web o por terceros, permiten cuantificar el n\u00famero de usuarios y as\u00ed realizar la medici\u00f3n y an\u00e1lisis estad\u00edstico de la utilizaci\u00f3n que hacen los usuarios del sitio Web. Para ello se analiza la navegaci\u00f3n que realizas en este sitio Web con el fin de mejorarlo.<\/li>\n\n\n\n<li><strong>Cookies t\u00e9cnicas:<\/strong>&nbsp;Son aquellas tratadas por el sitio Web que permiten a los usuarios registrados navegar a trav\u00e9s del \u00e1rea restringida y a utilizar sus diferentes funciones, como por ejemplo, llevar a cabo el proceso de compra de un Producto o Servicio.<br>Algunas cookies son esenciales para el funcionamiento del sitio Web, por ejemplo, el sistema de comentarios o el buscador.<\/li>\n\n\n\n<li><strong>Cookies de personalizaci\u00f3n:<\/strong>&nbsp;Son aquellas que permiten a los usuarios acceder al Servicio con algunas caracter\u00edsticas de car\u00e1cter general predefinidas en funci\u00f3n de una serie de criterios establecidos por el usuario como, por ejemplo, el idioma o el tipo de navegador a trav\u00e9s del cual se conecta a este sitio Web.<\/li>\n<\/ul>\n\n\n\n<p>Desactivar las cookies<\/p>\n\n\n\n<p>Puedes aceptar, bloquear o eliminar las cookies instaladas en tu equipo mediante la configuraci\u00f3n de las opciones del navegador.<\/p>\n\n\n\n<p>En los siguientes enlaces encontrar\u00e1s instrucciones para habilitar o deshabilitar las cookies en los navegadores m\u00e1s comunes.<\/p>\n\n\n\n<ul class=\"wp-block-list\">\n<li><strong>Firefox<\/strong>&nbsp;<a href=\"https:\/\/support.mozilla.org\/es\/kb\/habilitar-y-deshabilitar-cookies-que-los-sitios-we\">http:\/\/support.mozilla.org\/es\/kb\/habilitar-y-deshabilitar-cookies-que-los-sitios-we<\/a><\/li>\n\n\n\n<li><strong>Safari<\/strong>&nbsp;<a href=\"https:\/\/support.apple.com\/kb\/HT1677?viewlocale=es_ES\">http:\/\/support.apple.com\/kb\/HT1677?viewlocale=es_ES<\/a><\/li>\n\n\n\n<li><strong>Google Chrome<\/strong>&nbsp;<a href=\"https:\/\/support.google.com\/chrome\/answer\/95647?hl=es\">https:\/\/support.google.com\/chrome\/answer\/95647?hl=es<\/a><\/li>\n<\/ul>\n\n\n\n<p>Cookies de terceros<\/p>\n\n\n\n<p>El sitio Web utiliza los servicios de Google Adsense y de Google Analytics que pueden instalar cookies que sirven para obtener estad\u00edsticas y datos publicitarios.<\/p>\n\n\n\n<p>El sitio Web incluye otras funcionalidades proporcionadas por las redes sociales y que pueden instalar cookies. Puedes compartir el contenido en tus redes sociales como Facebook, Twitter, Google +, Instagram o YouTube con los botones incluidos a tal efecto o con las herramientas para compartir propias de las redes sociales.<\/p>\n\n\n\n<p>Ofertasconcesionarios participa en el&nbsp;<a href=\"https:\/\/afiliados.amazon.es\/\">Programa de Afiliados de Amazon EU<\/a>. Amazon y otros anunciantes pueden instalar cookies en tu equipo que sirven para obtener informaci\u00f3n, ofrecerte anuncios,&nbsp;<a href=\"https:\/\/www.amazon.es\/gp\/help\/customer\/display.html\/?nodeId=201909150\">mostrar contenido basado en tus intereses<\/a>&nbsp;o para hacer un seguimiento de tu navegaci\u00f3n, guardando la informaci\u00f3n de afiliado por si realizas una compra en las siguientes 24 horas.<\/p>\n\n\n\n<p>Advertencia sobre eliminar cookies<\/p>\n\n\n\n<p>Puedes eliminar y bloquear las cookies de este sitio Web, pero parte del sitio no funcionar\u00e1 correctamente o su calidad puede verse afectada.<\/p>\n\n\n\n<p>Contacto<\/p>\n\n\n\n<p>En caso de que tengas cualquier duda acerca de esta Pol\u00edtica de Cookies o quieras realizar cualquier comentario sobre este sitio Web, puedes enviar un mensaje de correo electr\u00f3nico a la direcci\u00f3n\u00a0<a href=\"mailto:info@ofertasespecialespeugeot.com\">info@<\/a><a href=\"http:\/\/ofertasespecialespeugeot.com\">ofertasespecialespeugeot.com<\/a>.<\/p>\n","protected":false},"excerpt":{"rendered":"<p>En cumplimiento con lo dispuesto en el art\u00edculo 22.2 de la Ley 34\/2002, de 11 de julio, de Servicios de la Sociedad de la Informaci\u00f3n y de Comercio Electr\u00f3nico,\u00a0ofertasespecialespeugeot.com\u00a0te informa que este sitio Web utiliza cookies, as\u00ed como sobre su pol\u00edtica de recogida y el tratamiento que hace de las mismas. Qu\u00e9 son las cookies [&hellip;]<\/p>\n","protected":false},"author":1,"featured_media":0,"parent":0,"menu_order":0,"comment_status":"closed","ping_status":"closed","template":"","meta":{"footnotes":""},"class_list":["post-34","page","type-page","status-publish","hentry"],"yoast_head":"<!-- This site is optimized with the Yoast SEO plugin v26.4 - https:\/\/yoast.com\/wordpress\/plugins\/seo\/ -->\n<title>Pol\u00edtica de cookies - Ofertas Especiales Peugeot<\/title>\n<meta name=\"robots\" content=\"index, follow, max-snippet:-1, max-image-preview:large, max-video-preview:-1\" \/>\n<link rel=\"canonical\" href=\"https:\/\/ofertasespecialespeugeot.com\/index.php\/politica-de-cookies\/\" \/>\n<meta property=\"og:locale\" content=\"es_ES\" \/>\n<meta property=\"og:type\" content=\"article\" \/>\n<meta property=\"og:title\" content=\"Pol\u00edtica de cookies - Ofertas Especiales Peugeot\" \/>\n<meta property=\"og:description\" content=\"En cumplimiento con lo dispuesto en el art\u00edculo 22.2 de la Ley 34\/2002, de 11 de julio, de Servicios de la Sociedad de la Informaci\u00f3n y de Comercio Electr\u00f3nico,\u00a0ofertasespecialespeugeot.com\u00a0te informa que este sitio Web utiliza cookies, as\u00ed como sobre su pol\u00edtica de recogida y el tratamiento que hace de las mismas. Qu\u00e9 son las cookies [&hellip;]\" \/>\n<meta property=\"og:url\" content=\"https:\/\/ofertasespecialespeugeot.com\/index.php\/politica-de-cookies\/\" \/>\n<meta property=\"og:site_name\" content=\"Ofertas Especiales Peugeot\" \/>\n<meta property=\"article:modified_time\" content=\"2022-11-18T12:13:10+00:00\" \/>\n<meta name=\"twitter:card\" content=\"summary_large_image\" \/>\n<meta name=\"twitter:label1\" content=\"Tiempo de lectura\" \/>\n\t<meta name=\"twitter:data1\" content=\"3 minutos\" \/>\n<script type=\"application\/ld+json\" class=\"yoast-schema-graph\">{\"@context\":\"https:\/\/schema.org\",\"@graph\":[{\"@type\":\"WebPage\",\"@id\":\"https:\/\/ofertasespecialespeugeot.com\/index.php\/politica-de-cookies\/\",\"url\":\"https:\/\/ofertasespecialespeugeot.com\/index.php\/politica-de-cookies\/\",\"name\":\"Pol\u00edtica de cookies - Ofertas Especiales Peugeot\",\"isPartOf\":{\"@id\":\"https:\/\/ofertasespecialespeugeot.com\/#website\"},\"datePublished\":\"2022-11-18T12:13:09+00:00\",\"dateModified\":\"2022-11-18T12:13:10+00:00\",\"breadcrumb\":{\"@id\":\"https:\/\/ofertasespecialespeugeot.com\/index.php\/politica-de-cookies\/#breadcrumb\"},\"inLanguage\":\"es\",\"potentialAction\":[{\"@type\":\"ReadAction\",\"target\":[\"https:\/\/ofertasespecialespeugeot.com\/index.php\/politica-de-cookies\/\"]}]},{\"@type\":\"BreadcrumbList\",\"@id\":\"https:\/\/ofertasespecialespeugeot.com\/index.php\/politica-de-cookies\/#breadcrumb\",\"itemListElement\":[{\"@type\":\"ListItem\",\"position\":1,\"name\":\"Portada\",\"item\":\"https:\/\/ofertasespecialespeugeot.com\/\"},{\"@type\":\"ListItem\",\"position\":2,\"name\":\"Pol\u00edtica de cookies\"}]},{\"@type\":\"WebSite\",\"@id\":\"https:\/\/ofertasespecialespeugeot.com\/#website\",\"url\":\"https:\/\/ofertasespecialespeugeot.com\/\",\"name\":\"Ofertas Especiales Peugeot\",\"description\":\"Solo en Juan Giner\",\"potentialAction\":[{\"@type\":\"SearchAction\",\"target\":{\"@type\":\"EntryPoint\",\"urlTemplate\":\"https:\/\/ofertasespecialespeugeot.com\/?s={search_term_string}\"},\"query-input\":{\"@type\":\"PropertyValueSpecification\",\"valueRequired\":true,\"valueName\":\"search_term_string\"}}],\"inLanguage\":\"es\"}]}<\/script>\n<!-- \/ Yoast SEO plugin. -->","yoast_head_json":{"title":"Pol\u00edtica de cookies - Ofertas Especiales Peugeot","robots":{"index":"index","follow":"follow","max-snippet":"max-snippet:-1","max-image-preview":"max-image-preview:large","max-video-preview":"max-video-preview:-1"},"canonical":"https:\/\/ofertasespecialespeugeot.com\/index.php\/politica-de-cookies\/","og_locale":"es_ES","og_type":"article","og_title":"Pol\u00edtica de cookies - Ofertas Especiales Peugeot","og_description":"En cumplimiento con lo dispuesto en el art\u00edculo 22.2 de la Ley 34\/2002, de 11 de julio, de Servicios de la Sociedad de la Informaci\u00f3n y de Comercio Electr\u00f3nico,\u00a0ofertasespecialespeugeot.com\u00a0te informa que este sitio Web utiliza cookies, as\u00ed como sobre su pol\u00edtica de recogida y el tratamiento que hace de las mismas. Qu\u00e9 son las cookies [&hellip;]","og_url":"https:\/\/ofertasespecialespeugeot.com\/index.php\/politica-de-cookies\/","og_site_name":"Ofertas Especiales Peugeot","article_modified_time":"2022-11-18T12:13:10+00:00","twitter_card":"summary_large_image","twitter_misc":{"Tiempo de lectura":"3 minutos"},"schema":{"@context":"https:\/\/schema.org","@graph":[{"@type":"WebPage","@id":"https:\/\/ofertasespecialespeugeot.com\/index.php\/politica-de-cookies\/","url":"https:\/\/ofertasespecialespeugeot.com\/index.php\/politica-de-cookies\/","name":"Pol\u00edtica de cookies - Ofertas Especiales Peugeot","isPartOf":{"@id":"https:\/\/ofertasespecialespeugeot.com\/#website"},"datePublished":"2022-11-18T12:13:09+00:00","dateModified":"2022-11-18T12:13:10+00:00","breadcrumb":{"@id":"https:\/\/ofertasespecialespeugeot.com\/index.php\/politica-de-cookies\/#breadcrumb"},"inLanguage":"es","potentialAction":[{"@type":"ReadAction","target":["https:\/\/ofertasespecialespeugeot.com\/index.php\/politica-de-cookies\/"]}]},{"@type":"BreadcrumbList","@id":"https:\/\/ofertasespecialespeugeot.com\/index.php\/politica-de-cookies\/#breadcrumb","itemListElement":[{"@type":"ListItem","position":1,"name":"Portada","item":"https:\/\/ofertasespecialespeugeot.com\/"},{"@type":"ListItem","position":2,"name":"Pol\u00edtica de cookies"}]},{"@type":"WebSite","@id":"https:\/\/ofertasespecialespeugeot.com\/#website","url":"https:\/\/ofertasespecialespeugeot.com\/","name":"Ofertas Especiales Peugeot","description":"Solo en Juan Giner","potentialAction":[{"@type":"SearchAction","target":{"@type":"EntryPoint","urlTemplate":"https:\/\/ofertasespecialespeugeot.com\/?s={search_term_string}"},"query-input":{"@type":"PropertyValueSpecification","valueRequired":true,"valueName":"search_term_string"}}],"inLanguage":"es"}]}},"_links":{"self":[{"href":"https:\/\/ofertasespecialespeugeot.com\/index.php\/wp-json\/wp\/v2\/pages\/34","targetHints":{"allow":["GET"]}}],"collection":[{"href":"https:\/\/ofertasespecialespeugeot.com\/index.php\/wp-json\/wp\/v2\/pages"}],"about":[{"href":"https:\/\/ofertasespecialespeugeot.com\/index.php\/wp-json\/wp\/v2\/types\/page"}],"author":[{"embeddable":true,"href":"https:\/\/ofertasespecialespeugeot.com\/index.php\/wp-json\/wp\/v2\/users\/1"}],"replies":[{"embeddable":true,"href":"https:\/\/ofertasespecialespeugeot.com\/index.php\/wp-json\/wp\/v2\/comments?post=34"}],"version-history":[{"count":1,"href":"https:\/\/ofertasespecialespeugeot.com\/index.php\/wp-json\/wp\/v2\/pages\/34\/revisions"}],"predecessor-version":[{"id":35,"href":"https:\/\/ofertasespecialespeugeot.com\/index.php\/wp-json\/wp\/v2\/pages\/34\/revisions\/35"}],"wp:attachment":[{"href":"https:\/\/ofertasespecialespeugeot.com\/index.php\/wp-json\/wp\/v2\/media?parent=34"}],"curies":[{"name":"wp","href":"https:\/\/api.w.org\/{rel}","templated":true}]}}